{"id":16,"date":"2016-04-07T15:14:28","date_gmt":"2016-04-07T05:14:28","guid":{"rendered":"http:\/\/www.bluespec.net.au\/?page_id=16"},"modified":"2018-09-05T12:46:03","modified_gmt":"2018-09-05T02:46:03","slug":"services","status":"publish","type":"page","link":"http:\/\/www.bluespec.net.au\/es\/services\/","title":{"rendered":"SERVICIOS"},"content":{"rendered":"<p><div class=\"limit-wrapper\"><div class=\"row \"><div class=\"wpv-grid grid-1-1  wpv-first-level first unextended no-extended-padding\" style=\"padding-top:0.05px;padding-bottom:0.05px;\" id=\"wpv-column-923fb92953d02525b173dcdcdd20a744\" ><p><\/div><\/div><\/div>\n<div class=\"limit-wrapper\"><div class=\"row \"><div class=\"wpv-grid grid-1-1  wpv-first-level first unextended no-extended-padding\" style=\"padding-top:0.05px;padding-bottom:0.05px;\" id=\"wpv-column-e625463ae7cff6a8e0bab1beb440f1a5\" ><p>Nuestros equipos est\u00e1n ubicados estrat\u00e9gicamente en toda Australia y Am\u00e9rica del Sur, ofrecemos una l\u00ednea completa de servicios de perforaci\u00f3n con una experiencia insuperable. Blue Spec ofrece una amplia gama de tama\u00f1os y tipos de perforaci\u00f3n: pista montada, montadas en cami\u00f3n, simulacros de usos m\u00faltiples, de superficie y de la especialidad. Tambi\u00e9n ofrecemos la topograf\u00eda perforaci\u00f3n direccional, la experiencia de perforaci\u00f3n direccional, sistemas de extracci\u00f3n de n\u00facleos orientados y otras opciones de perforaci\u00f3n especialidad. Nuestros programas de mantenimiento y seguridad totalmente integrados son un activo esencial para el apoyo de nuestros equipos profesionales y con experiencia de gesti\u00f3n.<\/p>\n<h3><strong>M\u00e9todos de perforaci\u00f3n<\/strong><\/h3>\n<ul>\n<li>Diamantina<\/li>\n<li>Aire reverso (circulaci\u00f3n inversa)<\/li>\n<li>Air Core<\/li>\n<li>Geot\u00e9cnica<\/li>\n<li>De lodos<\/li>\n<li>De control de ley<\/li>\n<li>Hidrogeol\u00f3gica<\/li>\n<\/ul>\n<p>&nbsp;<\/div><\/div><\/div>\n<div class=\"limit-wrapper\"><div class=\"row \"><div class=\"wpv-grid grid-1-1  wpv-first-level first unextended no-extended-padding\" style=\"padding-top:0.05px;padding-bottom:0.05px;\" id=\"wpv-column-a4ae67967d9af262d9c1a72fd93a6163\" ><div class=\"wpv-accordion-wrapper wpv-accordion-3\"><ul class=\"wpv-accordion\" data-collapsible=\"1\"><li class=\"pane-wrapper\" style=\"\">\n\t\t\t\t\t<h4 class=\"tab\"><div class=\"inner\">PERFORACI\u00d3N DE DIAMANTES<\/div><\/h4>\n\t\t\t\t\t<div class=\"pane\"><div class=\"inner\"><div class=\"row \"><div class=\"wpv-grid grid-1-1  first unextended no-extended-padding\" style=\"padding-top:0.05px;padding-bottom:0.05px;\" id=\"wpv-column-ca08ca8551dea84d780c47dffb9ea5c0\" ><p>Perforaci\u00f3n de diamante es el estilo m\u00e1s com\u00fan de la perforaci\u00f3n de exploraci\u00f3n que produce una muestra de n\u00facleo s\u00f3lido que se extrae para su examen en la superficie. Este m\u00e9todo de perforaci\u00f3n proporciona una evaluaci\u00f3n precisa del dep\u00f3sito, ya que no permite ninguna otra impureza en el n\u00facleo de la muestra.<\/p>\n<p>La tecnolog\u00eda clave para la perforaci\u00f3n de diamante es la broca de diamante real que se compone de diamantes industriales fijos en una matriz met\u00e1lica suave. La broca se monta sobre un v\u00e1stago de perforaci\u00f3n, que est\u00e1 conectado a un taladro rotativo. El agua se inyecta en la tuber\u00eda de perforaci\u00f3n para lavar los cortes de roca producidos por la broca. La broca de diamante es compleja y por lo general dise\u00f1ada para un tipo de roca espec\u00edfica.<\/p>\n<p>Perforaci\u00f3n de diamante puede completarse en varios tama\u00f1os dependiendo del tama\u00f1o (di\u00e1metro) de la muestra del n\u00facleo requerida para el examen. Los tama\u00f1os de di\u00e1metro m\u00e1s comunes de n\u00facleo son NQ, HQ y PQ.<\/p>\n<p>Blue Spec tiene la capacidad actual para utilizar la perforaci\u00f3n de diamante en los siguientes tama\u00f1os.<\/p>\n<table>\n<thead>\n<tr>\n<th>Tama\u00f1o<\/th>\n<th>Agujero (exterior) de Di\u00e1metro, mm<\/th>\n<th>N\u00facleo (interior) de Di\u00e1metro, mm<\/th>\n<\/tr>\n<\/thead>\n<tbody>\n<tr>\n<td>BQ<\/td>\n<td>60<\/td>\n<td>36.5<\/td>\n<\/tr>\n<tr>\n<td>NQ<\/td>\n<td>75.7<\/td>\n<td>47.6<\/td>\n<\/tr>\n<tr>\n<td>HQ<\/td>\n<td>96<\/td>\n<td>63.5<\/td>\n<\/tr>\n<tr>\n<td>PQ<\/td>\n<td>122.6<\/td>\n<td>85<\/td>\n<\/tr>\n<\/tbody>\n<\/table>\n<h4><\/h4>\n<h4><\/h4><\/div><\/div><\/div><\/div>\n\t\t\t\t\t<\/li><li class=\"pane-wrapper\" style=\"\">\n\t\t\t\t\t<h4 class=\"tab\"><div class=\"inner\">PERFORACI\u00d3N POR CIRCULACI\u00d3N REVERSA RC<\/div><\/h4>\n\t\t\t\t\t<div class=\"pane\"><div class=\"inner\"><div class=\"row \"><div class=\"wpv-grid grid-1-1  first unextended no-extended-padding\" style=\"padding-top:0.05px;padding-bottom:0.05px;\" id=\"wpv-column-82e083c0681de57916494eb7debfc14a\" ><p>La Circulaci\u00f3n Reversa (RC) es similar a la perforaci\u00f3n con extracci\u00f3n de aire en que los recortes de perforaci\u00f3n se devuelven a la superficie interior de las varillas. El mecanismo de perforaci\u00f3n es un pist\u00f3n de movimiento o martillo que conduce a una broca de acero. La perforaci\u00f3n RC produce fragmentos de piedras a menudo secas ya que los compresores de aire secan la roca. Perforaci\u00f3n RC es m\u00e1s lento, pero consigue una mejor penetraci\u00f3n que RAB y es m\u00e1s r\u00e1pido y rentable que la perforaci\u00f3n de diamante.<\/p>\n<p>Circulaci\u00f3n inversa se consigue soplando aire hacia debajo de las barras, la creaci\u00f3n de elevaci\u00f3n de aire del agua y esquejes de la \u00abc\u00e1mara de aire\u00bb la presi\u00f3n diferencial. Cuando la roca llega a la parte superior del agujero se mueve a trav\u00e9s de una manguera de muestra hasta un cicl\u00f3n en donde se recogen en una bolsa las muestras para su an\u00e1lisis.<\/div><\/div><\/div><\/div>\n\t\t\t\t\t<\/li><li class=\"pane-wrapper\" style=\"\">\n\t\t\t\t\t<h4 class=\"tab\"><div class=\"inner\">PERFORACI\u00d3N AIR CORE<\/div><\/h4>\n\t\t\t\t\t<div class=\"pane\"><div class=\"inner\"><div class=\"row \"><div class=\"wpv-grid grid-1-1  first unextended no-extended-padding\" style=\"padding-top:0.05px;padding-bottom:0.05px;\" id=\"wpv-column-85da43d859cd6c68af7cdb00d88adf72\" ><p>Air core se relaciona con el uso de cuchillas de acero o tungsteno endurecidas para hacer un agujero en la tierra no consolidada. La broca tiene tres hojas dispuestas alrededor de la cabeza, que corta el suelo no consolidado. Las barras son huecas y contienen una c\u00e1mara de aire que se encuentra dentro del cilindro exterior. La muestra de perforaci\u00f3n es retirada por inyecci\u00f3n de aire comprimido a trav\u00e9s del \u00e1rea anular entre el tubo interior y la varilla de perforaci\u00f3n. Los fragmentos se soplan a la superficie hasta el sistema de separaci\u00f3n de la muestra y se recogen si es necesario. La perforaci\u00f3n contin\u00faa con la adici\u00f3n de barras de la parte superior de la m\u00e1quina de perforaci\u00f3n. Air core puede de vez en cuando producir peque\u00f1os trozos de roca tipo testigo.<\/p>\n<p>Este m\u00e9todo de perforaci\u00f3n se utiliza para perforar material arcilloso ya que las cuchillas de acero o tungsteno no puede penetrar roca fresca. Con esta perforaci\u00f3n se pueden alcanzar profundidades cercanas a los 300 metros en buenas condiciones. Este tipo de perforaci\u00f3n es menos propensa a la contaminaci\u00f3n en comparaci\u00f3n con la perforaci\u00f3n convencional.<\/div><\/div><\/div><\/div>\n\t\t\t\t\t<\/li><li class=\"pane-wrapper\" style=\"\">\n\t\t\t\t\t<h4 class=\"tab\"><div class=\"inner\">PERFORACI\u00d3N GEOT\u00c9CNICA<\/div><\/h4>\n\t\t\t\t\t<div class=\"pane\"><div class=\"inner\"><div class=\"row \"><div class=\"wpv-grid grid-1-1  first unextended no-extended-padding\" style=\"padding-top:0.05px;padding-bottom:0.05px;\" id=\"wpv-column-1e399e409ce36059ce1a593d8b75f12c\" ><p>Perforaci\u00f3n geot\u00e9cnica es un m\u00e9todo de perforaci\u00f3n de agujeros con el prop\u00f3sito de reunir y evaluar materiales de la tierra con el fin de dise\u00f1ar y supervisar los proyectos de construcci\u00f3n. Se requiere datos geot\u00e9cnicos para el dise\u00f1o preciso, seguro y eficiente y la construcci\u00f3n de edificios, puentes, carreteras, presas y los sitios mineros. Los datos se derivan del an\u00e1lisis de muestras de suelo y roca obtenido mediante la perforaci\u00f3n para evaluar la estabilidad del suelo y otros temas de inter\u00e9s.<\/div><\/div><\/div><\/div>\n\t\t\t\t\t<\/li><li class=\"pane-wrapper\" style=\"\">\n\t\t\t\t\t<h4 class=\"tab\"><div class=\"inner\">LODO DE PERFORACI\u00d3N<\/div><\/h4>\n\t\t\t\t\t<div class=\"pane\"><div class=\"inner\"><div class=\"row \"><div class=\"wpv-grid grid-1-1  first unextended no-extended-padding\" style=\"padding-top:0.05px;padding-bottom:0.05px;\" id=\"wpv-column-75f136217114891be521faff7deb8996\" ><p>Este m\u00e9todo se utiliza para perforar a trav\u00e9s de rocas blandas, arena y capas de arcilla especialmente en la b\u00fasqueda de carb\u00f3n, petr\u00f3leo o gas. Una mezcla especial de arcilla y el agua es forzada por el agujero de perforaci\u00f3n con las esquirlas de roca que regresan en la suspensi\u00f3n de lodo.<\/div><\/div><\/div><\/div>\n\t\t\t\t\t<\/li><\/ul><style>.wpv-accordion-3 .tab .inner { background-color: #045189; color: #ffffff; }<\/style><\/div><\/div><\/div><\/div>\n<div class=\"limit-wrapper\"><div class=\"row \"><div class=\"wpv-grid grid-1-1  wpv-first-level first unextended no-extended-padding\" style=\"padding-top:0.05px;padding-bottom:0.05px;\" id=\"wpv-column-f2b69e7b52726ff83f7059ffcf28e336\" ><p><\/div><\/div><\/div>\n<div class=\"limit-wrapper\"><div class=\"row \"><div class=\"wpv-grid grid-1-1  wpv-first-level first unextended no-extended-padding\" style=\"padding-top:0.05px;padding-bottom:0.05px;\" id=\"wpv-column-e55ac8e621280d76c81f41eb050fd8a7\" ><p><\/div><\/div><\/div>\n<div class=\"limit-wrapper\"><div class=\"row \"><div class=\"wpv-grid grid-1-1  wpv-first-level first unextended no-extended-padding\" style=\"padding-top:0.05px;padding-bottom:0.05px;\" id=\"wpv-column-0e2a2ec1d0951d8bc80f9ea34157ebac\" ><p>Nuestros equipos est\u00e1n ubicados estrat\u00e9gicamente en toda Australia y Am\u00e9rica del Sur, ofrecemos una l\u00ednea completa de servicios de perforaci\u00f3n con una experiencia insuperable. Blue Spec ofrece una amplia gama de tama\u00f1os y tipos de perforaci\u00f3n: pista montada, montadas en cami\u00f3n, simulacros de usos m\u00faltiples, de superficie y de la especialidad. Tambi\u00e9n ofrecemos la topograf\u00eda perforaci\u00f3n direccional, la experiencia de perforaci\u00f3n direccional, sistemas de extracci\u00f3n de n\u00facleos orientados y otras opciones de perforaci\u00f3n especialidad. Nuestros programas de mantenimiento y seguridad totalmente integrados son un activo esencial para el apoyo de nuestros equipos profesionales y con experiencia de gesti\u00f3n.<\/p>\n<h3><strong>M\u00e9todos de perforaci\u00f3n<\/strong><\/h3>\n<ul>\n<li>Diamantina<\/li>\n<li>Aire reverso (circulaci\u00f3n inversa)<\/li>\n<li>Air Core<\/li>\n<li>Geot\u00e9cnica<\/li>\n<li>De lodos<\/li>\n<li>De control de ley<\/li>\n<li>Hidrogeol\u00f3gica<\/li>\n<\/ul>\n<p>&nbsp;<\/div><\/div><\/div>\n<div class=\"limit-wrapper\"><div class=\"row \"><div class=\"wpv-grid grid-1-1  wpv-first-level first unextended no-extended-padding\" style=\"padding-top:0.05px;padding-bottom:0.05px;\" id=\"wpv-column-34779f134934a1acdbf7946086f0784f\" ><div class=\"wpv-accordion-wrapper wpv-accordion-4\"><ul class=\"wpv-accordion\" data-collapsible=\"1\"><li class=\"pane-wrapper\" style=\"\">\n\t\t\t\t\t<h4 class=\"tab\"><div class=\"inner\">PERFORACI\u00d3N DE DIAMANTES<\/div><\/h4>\n\t\t\t\t\t<div class=\"pane\"><div class=\"inner\"><div class=\"row \"><div class=\"wpv-grid grid-1-1  first unextended no-extended-padding\" style=\"padding-top:0.05px;padding-bottom:0.05px;\" id=\"wpv-column-80eefa1c36aeef6aa04902d662c9af8e\" ><p>Perforaci\u00f3n de diamante es el estilo m\u00e1s com\u00fan de la perforaci\u00f3n de exploraci\u00f3n que produce una muestra de n\u00facleo s\u00f3lido que se extrae para su examen en la superficie. Este m\u00e9todo de perforaci\u00f3n proporciona una evaluaci\u00f3n precisa del dep\u00f3sito, ya que no permite ninguna otra impureza en el n\u00facleo de la muestra.<\/p>\n<p>La tecnolog\u00eda clave para la perforaci\u00f3n de diamante es la broca de diamante real que se compone de diamantes industriales fijos en una matriz met\u00e1lica suave. La broca se monta sobre un v\u00e1stago de perforaci\u00f3n, que est\u00e1 conectado a un taladro rotativo. El agua se inyecta en la tuber\u00eda de perforaci\u00f3n para lavar los cortes de roca producidos por la broca. La broca de diamante es compleja y por lo general dise\u00f1ada para un tipo de roca espec\u00edfica.<\/p>\n<p>Perforaci\u00f3n de diamante puede completarse en varios tama\u00f1os dependiendo del tama\u00f1o (di\u00e1metro) de la muestra del n\u00facleo requerida para el examen. Los tama\u00f1os de di\u00e1metro m\u00e1s comunes de n\u00facleo son NQ, HQ y PQ.<\/p>\n<p>Blue Spec tiene la capacidad actual para utilizar la perforaci\u00f3n de diamante en los siguientes tama\u00f1os.<\/p>\n<table>\n<thead>\n<tr>\n<th>Tama\u00f1o<\/th>\n<th>Agujero (exterior) de Di\u00e1metro, mm<\/th>\n<th>N\u00facleo (interior) de Di\u00e1metro, mm<\/th>\n<\/tr>\n<\/thead>\n<tbody>\n<tr>\n<td>BQ<\/td>\n<td>60<\/td>\n<td>36.5<\/td>\n<\/tr>\n<tr>\n<td>NQ<\/td>\n<td>75.7<\/td>\n<td>47.6<\/td>\n<\/tr>\n<tr>\n<td>HQ<\/td>\n<td>96<\/td>\n<td>63.5<\/td>\n<\/tr>\n<tr>\n<td>PQ<\/td>\n<td>122.6<\/td>\n<td>85<\/td>\n<\/tr>\n<\/tbody>\n<\/table>\n<h4><\/h4>\n<h4><\/h4><\/div><\/div><\/div><\/div>\n\t\t\t\t\t<\/li><li class=\"pane-wrapper\" style=\"\">\n\t\t\t\t\t<h4 class=\"tab\"><div class=\"inner\">PERFORACI\u00d3N POR CIRCULACI\u00d3N REVERSA RC<\/div><\/h4>\n\t\t\t\t\t<div class=\"pane\"><div class=\"inner\"><div class=\"row \"><div class=\"wpv-grid grid-1-1  first unextended no-extended-padding\" style=\"padding-top:0.05px;padding-bottom:0.05px;\" id=\"wpv-column-0fe1c752c9cc6a6028452d8dd88d29f9\" ><p>La Circulaci\u00f3n Reversa (RC) es similar a la perforaci\u00f3n con extracci\u00f3n de aire en que los recortes de perforaci\u00f3n se devuelven a la superficie interior de las varillas. El mecanismo de perforaci\u00f3n es un pist\u00f3n de movimiento o martillo que conduce a una broca de acero. La perforaci\u00f3n RC produce fragmentos de piedras a menudo secas ya que los compresores de aire secan la roca. Perforaci\u00f3n RC es m\u00e1s lento, pero consigue una mejor penetraci\u00f3n que RAB y es m\u00e1s r\u00e1pido y rentable que la perforaci\u00f3n de diamante.<\/p>\n<p>Circulaci\u00f3n inversa se consigue soplando aire hacia debajo de las barras, la creaci\u00f3n de elevaci\u00f3n de aire del agua y esquejes de la \u00abc\u00e1mara de aire\u00bb la presi\u00f3n diferencial. Cuando la roca llega a la parte superior del agujero se mueve a trav\u00e9s de una manguera de muestra hasta un cicl\u00f3n en donde se recogen en una bolsa las muestras para su an\u00e1lisis.<\/div><\/div><\/div><\/div>\n\t\t\t\t\t<\/li><li class=\"pane-wrapper\" style=\"\">\n\t\t\t\t\t<h4 class=\"tab\"><div class=\"inner\">PERFORACI\u00d3N AIR CORE<\/div><\/h4>\n\t\t\t\t\t<div class=\"pane\"><div class=\"inner\"><div class=\"row \"><div class=\"wpv-grid grid-1-1  first unextended no-extended-padding\" style=\"padding-top:0.05px;padding-bottom:0.05px;\" id=\"wpv-column-a0e728bf5078e5a1ff05660adbfe7d55\" ><p>Air core se relaciona con el uso de cuchillas de acero o tungsteno endurecidas para hacer un agujero en la tierra no consolidada. La broca tiene tres hojas dispuestas alrededor de la cabeza, que corta el suelo no consolidado. Las barras son huecas y contienen una c\u00e1mara de aire que se encuentra dentro del cilindro exterior. La muestra de perforaci\u00f3n es retirada por inyecci\u00f3n de aire comprimido a trav\u00e9s del \u00e1rea anular entre el tubo interior y la varilla de perforaci\u00f3n. Los fragmentos se soplan a la superficie hasta el sistema de separaci\u00f3n de la muestra y se recogen si es necesario. La perforaci\u00f3n contin\u00faa con la adici\u00f3n de barras de la parte superior de la m\u00e1quina de perforaci\u00f3n. Air core puede de vez en cuando producir peque\u00f1os trozos de roca tipo testigo.<\/p>\n<p>Este m\u00e9todo de perforaci\u00f3n se utiliza para perforar material arcilloso ya que las cuchillas de acero o tungsteno no puede penetrar roca fresca. Con esta perforaci\u00f3n se pueden alcanzar profundidades cercanas a los 300 metros en buenas condiciones. Este tipo de perforaci\u00f3n es menos propensa a la contaminaci\u00f3n en comparaci\u00f3n con la perforaci\u00f3n convencional.<\/div><\/div><\/div><\/div>\n\t\t\t\t\t<\/li><li class=\"pane-wrapper\" style=\"\">\n\t\t\t\t\t<h4 class=\"tab\"><div class=\"inner\">PERFORACI\u00d3N GEOT\u00c9CNICA<\/div><\/h4>\n\t\t\t\t\t<div class=\"pane\"><div class=\"inner\"><div class=\"row \"><div class=\"wpv-grid grid-1-1  first unextended no-extended-padding\" style=\"padding-top:0.05px;padding-bottom:0.05px;\" id=\"wpv-column-be36668c1fb8a5dc4e2e8cd9fa5bb5fe\" ><p>Perforaci\u00f3n geot\u00e9cnica es un m\u00e9todo de perforaci\u00f3n de agujeros con el prop\u00f3sito de reunir y evaluar materiales de la tierra con el fin de dise\u00f1ar y supervisar los proyectos de construcci\u00f3n. Se requiere datos geot\u00e9cnicos para el dise\u00f1o preciso, seguro y eficiente y la construcci\u00f3n de edificios, puentes, carreteras, presas y los sitios mineros. Los datos se derivan del an\u00e1lisis de muestras de suelo y roca obtenido mediante la perforaci\u00f3n para evaluar la estabilidad del suelo y otros temas de inter\u00e9s.<\/div><\/div><\/div><\/div>\n\t\t\t\t\t<\/li><li class=\"pane-wrapper\" style=\"\">\n\t\t\t\t\t<h4 class=\"tab\"><div class=\"inner\">LODO DE PERFORACI\u00d3N<\/div><\/h4>\n\t\t\t\t\t<div class=\"pane\"><div class=\"inner\"><div class=\"row \"><div class=\"wpv-grid grid-1-1  first unextended no-extended-padding\" style=\"padding-top:0.05px;padding-bottom:0.05px;\" id=\"wpv-column-6cbb60561c029f84f5ed86cca589d5f3\" ><p>Este m\u00e9todo se utiliza para perforar a trav\u00e9s de rocas blandas, arena y capas de arcilla especialmente en la b\u00fasqueda de carb\u00f3n, petr\u00f3leo o gas. Una mezcla especial de arcilla y el agua es forzada por el agujero de perforaci\u00f3n con las esquirlas de roca que regresan en la suspensi\u00f3n de lodo.<\/div><\/div><\/div><\/div>\n\t\t\t\t\t<\/li><\/ul><style>.wpv-accordion-4 .tab .inner { background-color: #045189; color: #ffffff; }<\/style><\/div><\/div><\/div><\/div>\n<div class=\"limit-wrapper\"><div class=\"row \"><div class=\"wpv-grid grid-1-1  wpv-first-level first unextended no-extended-padding\" style=\"padding-top:0.05px;padding-bottom:0.05px;\" id=\"wpv-column-9ddb3694d2f9c499ff77b42a10928672\" ><p><\/div><\/div><\/div><\/p>","protected":false},"excerpt":{"rendered":"<p>Nuestros equipos est\u00e1n ubicados estrat\u00e9gicamente en toda Australia y Am\u00e9rica del Sur, ofrecemos una l\u00ednea completa de servicios de perforaci\u00f3n con una experiencia insuperable. Blue Spec ofrece una amplia gama de tama\u00f1os y tipos de perforaci\u00f3n: pista montada, montadas en cami\u00f3n, simulacros de usos m\u00faltiples, de superficie y de la especialidad. Tambi\u00e9n ofrecemos la topograf\u00eda&#8230;<\/p>\n","protected":false},"author":1,"featured_media":0,"parent":0,"menu_order":2,"comment_status":"closed","ping_status":"closed","template":"","meta":{"_mi_skip_tracking":false,"jetpack_post_was_ever_published":false},"yoast_head":"<!-- This site is optimized with the Yoast SEO plugin v20.4 - https:\/\/yoast.com\/wordpress\/plugins\/seo\/ -->\n<title>BlueSpec Services<\/title>\n<meta name=\"robots\" content=\"noindex, follow, max-snippet:-1, max-image-preview:large, max-video-preview:-1\" \/>\n<meta property=\"og:locale\" content=\"es_ES\" \/>\n<meta property=\"og:type\" content=\"article\" \/>\n<meta property=\"og:title\" content=\"BlueSpec Services\" \/>\n<meta property=\"og:description\" content=\"Nuestros equipos est\u00e1n ubicados estrat\u00e9gicamente en toda Australia y Am\u00e9rica del Sur, ofrecemos una l\u00ednea completa de servicios de perforaci\u00f3n con una experiencia insuperable. Blue Spec ofrece una amplia gama de tama\u00f1os y tipos de perforaci\u00f3n: pista montada, montadas en cami\u00f3n, simulacros de usos m\u00faltiples, de superficie y de la especialidad. Tambi\u00e9n ofrecemos la topograf\u00eda...\" \/>\n<meta property=\"og:url\" content=\"http:\/\/www.bluespec.net.au\/services\/\" \/>\n<meta property=\"og:site_name\" content=\"Blue Spec Drilling\" \/>\n<meta property=\"article:modified_time\" content=\"2018-09-05T02:46:03+00:00\" \/>\n<meta name=\"twitter:card\" content=\"summary_large_image\" \/>\n<meta name=\"twitter:label1\" content=\"Tiempo de lectura\" \/>\n\t<meta name=\"twitter:data1\" content=\"20 minutos\" \/>\n<script type=\"application\/ld+json\" class=\"yoast-schema-graph\">{\"@context\":\"https:\/\/schema.org\",\"@graph\":[{\"@type\":\"WebPage\",\"@id\":\"http:\/\/www.bluespec.net.au\/services\/\",\"url\":\"http:\/\/www.bluespec.net.au\/services\/\",\"name\":\"BlueSpec Services\",\"isPartOf\":{\"@id\":\"http:\/\/www.bluespec.net.au\/#website\"},\"datePublished\":\"2016-04-07T05:14:28+00:00\",\"dateModified\":\"2018-09-05T02:46:03+00:00\",\"breadcrumb\":{\"@id\":\"http:\/\/www.bluespec.net.au\/services\/#breadcrumb\"},\"inLanguage\":\"es\",\"potentialAction\":[{\"@type\":\"ReadAction\",\"target\":[\"http:\/\/www.bluespec.net.au\/services\/\"]}]},{\"@type\":\"BreadcrumbList\",\"@id\":\"http:\/\/www.bluespec.net.au\/services\/#breadcrumb\",\"itemListElement\":[{\"@type\":\"ListItem\",\"position\":1,\"name\":\"Home\",\"item\":\"http:\/\/www.bluespec.net.au\/\"},{\"@type\":\"ListItem\",\"position\":2,\"name\":\"SERVICES\"}]},{\"@type\":\"WebSite\",\"@id\":\"http:\/\/www.bluespec.net.au\/#website\",\"url\":\"http:\/\/www.bluespec.net.au\/\",\"name\":\"Blue Spec Drilling\",\"description\":\"\",\"potentialAction\":[{\"@type\":\"SearchAction\",\"target\":{\"@type\":\"EntryPoint\",\"urlTemplate\":\"http:\/\/www.bluespec.net.au\/?s={search_term_string}\"},\"query-input\":\"required name=search_term_string\"}],\"inLanguage\":\"es\"}]}<\/script>\n<!-- \/ Yoast SEO plugin. -->","yoast_head_json":{"title":"BlueSpec Services","robots":{"index":"noindex","follow":"follow","max-snippet":"max-snippet:-1","max-image-preview":"max-image-preview:large","max-video-preview":"max-video-preview:-1"},"og_locale":"es_ES","og_type":"article","og_title":"BlueSpec Services","og_description":"Nuestros equipos est\u00e1n ubicados estrat\u00e9gicamente en toda Australia y Am\u00e9rica del Sur, ofrecemos una l\u00ednea completa de servicios de perforaci\u00f3n con una experiencia insuperable. Blue Spec ofrece una amplia gama de tama\u00f1os y tipos de perforaci\u00f3n: pista montada, montadas en cami\u00f3n, simulacros de usos m\u00faltiples, de superficie y de la especialidad. Tambi\u00e9n ofrecemos la topograf\u00eda...","og_url":"http:\/\/www.bluespec.net.au\/services\/","og_site_name":"Blue Spec Drilling","article_modified_time":"2018-09-05T02:46:03+00:00","twitter_card":"summary_large_image","twitter_misc":{"Tiempo de lectura":"20 minutos"},"schema":{"@context":"https:\/\/schema.org","@graph":[{"@type":"WebPage","@id":"http:\/\/www.bluespec.net.au\/services\/","url":"http:\/\/www.bluespec.net.au\/services\/","name":"BlueSpec Services","isPartOf":{"@id":"http:\/\/www.bluespec.net.au\/#website"},"datePublished":"2016-04-07T05:14:28+00:00","dateModified":"2018-09-05T02:46:03+00:00","breadcrumb":{"@id":"http:\/\/www.bluespec.net.au\/services\/#breadcrumb"},"inLanguage":"es","potentialAction":[{"@type":"ReadAction","target":["http:\/\/www.bluespec.net.au\/services\/"]}]},{"@type":"BreadcrumbList","@id":"http:\/\/www.bluespec.net.au\/services\/#breadcrumb","itemListElement":[{"@type":"ListItem","position":1,"name":"Home","item":"http:\/\/www.bluespec.net.au\/"},{"@type":"ListItem","position":2,"name":"SERVICES"}]},{"@type":"WebSite","@id":"http:\/\/www.bluespec.net.au\/#website","url":"http:\/\/www.bluespec.net.au\/","name":"Blue Spec Drilling","description":"","potentialAction":[{"@type":"SearchAction","target":{"@type":"EntryPoint","urlTemplate":"http:\/\/www.bluespec.net.au\/?s={search_term_string}"},"query-input":"required name=search_term_string"}],"inLanguage":"es"}]}},"jetpack_sharing_enabled":true,"jetpack_shortlink":"https:\/\/wp.me\/P7sFxk-g","jetpack-related-posts":[],"_links":{"self":[{"href":"http:\/\/www.bluespec.net.au\/es\/wp-json\/wp\/v2\/pages\/16"}],"collection":[{"href":"http:\/\/www.bluespec.net.au\/es\/wp-json\/wp\/v2\/pages"}],"about":[{"href":"http:\/\/www.bluespec.net.au\/es\/wp-json\/wp\/v2\/types\/page"}],"author":[{"embeddable":true,"href":"http:\/\/www.bluespec.net.au\/es\/wp-json\/wp\/v2\/users\/1"}],"replies":[{"embeddable":true,"href":"http:\/\/www.bluespec.net.au\/es\/wp-json\/wp\/v2\/comments?post=16"}],"version-history":[{"count":30,"href":"http:\/\/www.bluespec.net.au\/es\/wp-json\/wp\/v2\/pages\/16\/revisions"}],"predecessor-version":[{"id":761,"href":"http:\/\/www.bluespec.net.au\/es\/wp-json\/wp\/v2\/pages\/16\/revisions\/761"}],"wp:attachment":[{"href":"http:\/\/www.bluespec.net.au\/es\/wp-json\/wp\/v2\/media?parent=16"}],"curies":[{"name":"wp","href":"https:\/\/api.w.org\/{rel}","templated":true}]}}